{"id":11484,"date":"2012-01-06T20:56:11","date_gmt":"2012-01-06T19:56:11","guid":{"rendered":"http:\/\/libelul.com\/?page_id=11484"},"modified":"2012-08-14T11:49:32","modified_gmt":"2012-08-14T09:49:32","slug":"color-match-libelul-x-sohome","status":"publish","type":"page","link":"https:\/\/libelul.com\/?page_id=11484","title":{"rendered":"COLOR MATCH LIBELUL x SO HOME LA REDOUTE"},"content":{"rendered":"<p><img loading=\"lazy\" decoding=\"async\" class=\"aligncenter\" title=\"challenge-nuancier-colormatch-by-libelul-and-sohome\" src=\"http:\/\/libelul.com\/wp-content\/uploads\/2012\/01\/challenge-nuancier-colormatch-by-libelul-and-sohome.jpg\" alt=\"\" width=\"530\" height=\"385\" \/><\/p>\n<p>En 2011 vous avez envoy\u00e9 plus de 1000 contributions au <a href=\"http:\/\/libelul.com\/?cat=439\" target=\"_blank\">Challenge Nuancier<\/a>.<br \/>\nEnsemble nous avons construit une tr\u00e8s belle mosa\u00efque.<\/p>\n<p>En 2011 vous m&rsquo;avez permis de faire mon premier stylisme photo pour <a href=\"http:\/\/libelul.com\/?p=10167\" target=\"_blank\">So Home<\/a>.<br \/>\nEncore Mille Millions de Merci \u2665<\/p>\n<p>De cette rencontre est n\u00e9e une id\u00e9e, l&rsquo;envie de vous remercier,<br \/>\nEt de vous proposer en 2012 un autre jeu color\u00e9.<\/p>\n<h2>WHAT IS A COLOR MATCH\u00a0 ?<\/h2>\n<p>Color Match c&rsquo;est le rendez-vous mensuel que Libelul et So Home vous proposent.<br \/>\nEnsemble nous essayerons de trouver notre couleur pr\u00e9f\u00e9r\u00e9e.<\/p>\n<p>Chaque mois deux couleurs seront propos\u00e9es.<br \/>\n\u00c0 vous de nous dire laquelle vous pr\u00e9f\u00e9rez.<\/p>\n<p>Chaque mois une s\u00e9lection d&rsquo;articles <a href=\"http:\/\/www.laredoute.fr\/Search\/SearchResults.aspx?SearchType=HeaderSearch&amp;hiddendims=&amp;Keyword=sohome&amp;nkw=1undefined&amp;vsp=%20pas%20%28Path%20=%20%2723107224%27%29\" target=\"_blank\">So Home<\/a> seront \u00e0 gagner,<br \/>\nparmi toutes les contributions re\u00e7ues.<\/p>\n<p>Et en D\u00e9cembre pour celles qui auront envoy\u00e9 une photo originale,<br \/>\nLibelul et So Home leur r\u00e9serve une surprise.<\/p>\n<h2>COMMENT PARTICIPER ?<\/h2>\n<p>Il suffit de publier un billet, ou d&rsquo;envoyer \u00e0 l&rsquo;adresse nuancier (at) libelul.com<br \/>\n<strong>Une photo, une illustration originale autour du COLOR MATCH du mois.<\/strong><\/p>\n<h2>R\u00c8GLEMENT<\/h2>\n<p>Tous les d\u00e9tails du r\u00e8glement sont consultables ici.<\/p>\n","protected":false},"excerpt":{"rendered":"<a href=\"https:\/\/libelul.com\/?page_id=11484\"><img decoding=\"async\" width=\"270\" src=\"\" class=\"alignleft wp-post-image tfe\" alt=\"\" title=\"\" \/><\/a><p>En 2011 vous avez envoy\u00e9 plus de 1000 contributions au Challenge Nuancier. Ensemble nous avons construit une tr\u00e8s belle mosa\u00efque. En 2011 vous m&rsquo;avez permis de faire mon premier stylisme photo pour So Home. Encore Mille Millions de Merci \u2665 De cette rencontre est n\u00e9e une id\u00e9e, l&rsquo;envie de vous remercier, Et de vous proposer [&hellip;]<\/p>\n","protected":false},"author":1,"featured_media":0,"parent":0,"menu_order":0,"comment_status":"open","ping_status":"open","template":"","meta":{"jetpack_post_was_ever_published":false,"footnotes":""},"class_list":["post-11484","page","type-page","status-publish","hentry"],"jetpack_shortlink":"https:\/\/wp.me\/PosPp-2Ze","jetpack_sharing_enabled":true,"jetpack-related-posts":[],"_links":{"self":[{"href":"https:\/\/libelul.com\/index.php?rest_route=\/wp\/v2\/pages\/11484","targetHints":{"allow":["GET"]}}],"collection":[{"href":"https:\/\/libelul.com\/index.php?rest_route=\/wp\/v2\/pages"}],"about":[{"href":"https:\/\/libelul.com\/index.php?rest_route=\/wp\/v2\/types\/page"}],"author":[{"embeddable":true,"href":"https:\/\/libelul.com\/index.php?rest_route=\/wp\/v2\/users\/1"}],"replies":[{"embeddable":true,"href":"https:\/\/libelul.com\/index.php?rest_route=%2Fwp%2Fv2%2Fcomments&post=11484"}],"version-history":[{"count":1,"href":"https:\/\/libelul.com\/index.php?rest_route=\/wp\/v2\/pages\/11484\/revisions"}],"predecessor-version":[{"id":14382,"href":"https:\/\/libelul.com\/index.php?rest_route=\/wp\/v2\/pages\/11484\/revisions\/14382"}],"wp:attachment":[{"href":"https:\/\/libelul.com\/index.php?rest_route=%2Fwp%2Fv2%2Fmedia&parent=11484"}],"curies":[{"name":"wp","href":"https:\/\/api.w.org\/{rel}","templated":true}]}}